{"id":8516,"date":"2018-11-30T06:49:24","date_gmt":"2018-11-30T06:49:24","guid":{"rendered":"http:\/\/localhost\/projects\/solar\/?page_id=8516"},"modified":"2025-07-01T10:37:51","modified_gmt":"2025-07-01T08:37:51","slug":"philosophie","status":"publish","type":"page","link":"https:\/\/www.regiesolaire.fr\/index.php\/philosophie\/","title":{"rendered":"Philosophie"},"content":{"rendered":"<p>[vc_row css=\u00a0\u00bb.vc_custom_1548754881294{padding-top: 90px !important;}\u00a0\u00bb][vc_column width=\u00a0\u00bb1\/2&Prime;][vc_single_image image=\u00a0\u00bb10528&Prime; img_size=\u00a0\u00bb584&#215;550&Prime;][\/vc_column][vc_column width=\u00a0\u00bb1\/2&Prime;][vc_single_image image=\u00a0\u00bb10529&Prime; img_size=\u00a0\u00bb584&#215;550&Prime;][\/vc_column][\/vc_row][vc_row css=\u00a0\u00bb.vc_custom_1548754930048{padding-top: 40px !important;padding-bottom: 40px !important;}\u00a0\u00bb][vc_column width=\u00a0\u00bb1\/3&Prime;][\/vc_column][vc_column width=\u00a0\u00bb1\/2&Prime; css=\u00a0\u00bb.vc_custom_1548754043961{padding-top: 40px !important;}\u00a0\u00bb][vc_column_text]<\/p>\n<p class=\"p1\"><b>La philosophie de R\u00e9giesolaire repose sur une conviction simple : l\u2019\u00e9nergie solaire doit \u00eatre accessible, durable et au service des territoires.<\/b><b><\/b><\/p>\n<p class=\"p1\">Depuis notre cr\u00e9ation en 2009, nous pla\u00e7ons l\u2019humain, l\u2019innovation et l\u2019engagement environnemental au c\u0153ur de notre d\u00e9marche. Chaque projet que nous accompagnons est con\u00e7u pour r\u00e9pondre \u00e0 des enjeux concrets : produire une \u00e9nergie propre, valoriser les surfaces inexploit\u00e9es, renforcer l\u2019autonomie \u00e9nerg\u00e9tique des acteurs locaux et cr\u00e9er de la valeur sur le long terme.<\/p>\n<p class=\"p1\">Notre approche est fond\u00e9e sur la proximit\u00e9, la transparence et la performance. Nous croyons en une transition \u00e9nerg\u00e9tique <b>utile<\/b>, c\u2019est-\u00e0-dire adapt\u00e9e aux besoins de chacun \u2013 agriculteurs, industriels, collectivit\u00e9s ou acteurs du tertiaire \u2013 et <b>responsable<\/b>, en int\u00e9grant les meilleures pratiques environnementales et techniques.<\/p>\n<p class=\"p1\">Chez R\u00e9giesolaire, nous ne faisons pas que poser des panneaux : nous construisons une vision de l\u2019\u00e9nergie tourn\u00e9e vers l\u2019avenir, au service des g\u00e9n\u00e9rations futures.<\/p>\n<p>[\/vc_column_text][\/vc_column][\/vc_row]<\/p>\n","protected":false},"excerpt":{"rendered":"<p>[vc_row css=\u00a0\u00bb.vc_custom_1548754881294{padding-top: 90px !important;}\u00a0\u00bb][vc_column width=\u00a0\u00bb1\/2&Prime;][vc_single_image image=\u00a0\u00bb10528&Prime; img_size=\u00a0\u00bb584&#215;550&Prime;][\/vc_column][vc_column width=\u00a0\u00bb1\/2&Prime;][vc_single_image image=\u00a0\u00bb10529&Prime; img_size=\u00a0\u00bb584&#215;550&Prime;][\/vc_column][\/vc_row][vc_row css=\u00a0\u00bb.vc_custom_1548754930048{padding-top: 40px !important;padding-bottom: 40px !important;}\u00a0\u00bb][vc_column width=\u00a0\u00bb1\/3&Prime;][\/vc_column][vc_column width=\u00a0\u00bb1\/2&Prime; css=\u00a0\u00bb.vc_custom_1548754043961{padding-top: 40px !important;}\u00a0\u00bb][vc_column_text] La philosophie de R\u00e9giesolaire repose sur une conviction simple : l\u2019\u00e9nergie solaire doit \u00eatre accessible, durable et au service des territoires. Depuis notre cr\u00e9ation en 2009, nous pla\u00e7ons l\u2019humain, l\u2019innovation et l\u2019engagement environnemental au c\u0153ur [&hellip;]<\/p>\n","protected":false},"author":1,"featured_media":0,"parent":0,"menu_order":6,"comment_status":"closed","ping_status":"closed","template":"","meta":{"_acf_changed":false,"footnotes":""},"class_list":["post-8516","page","type-page","status-publish","hentry"],"acf":[],"_links":{"self":[{"href":"https:\/\/www.regiesolaire.fr\/index.php\/wp-json\/wp\/v2\/pages\/8516","targetHints":{"allow":["GET"]}}],"collection":[{"href":"https:\/\/www.regiesolaire.fr\/index.php\/wp-json\/wp\/v2\/pages"}],"about":[{"href":"https:\/\/www.regiesolaire.fr\/index.php\/wp-json\/wp\/v2\/types\/page"}],"author":[{"embeddable":true,"href":"https:\/\/www.regiesolaire.fr\/index.php\/wp-json\/wp\/v2\/users\/1"}],"replies":[{"embeddable":true,"href":"https:\/\/www.regiesolaire.fr\/index.php\/wp-json\/wp\/v2\/comments?post=8516"}],"version-history":[{"count":1,"href":"https:\/\/www.regiesolaire.fr\/index.php\/wp-json\/wp\/v2\/pages\/8516\/revisions"}],"predecessor-version":[{"id":11245,"href":"https:\/\/www.regiesolaire.fr\/index.php\/wp-json\/wp\/v2\/pages\/8516\/revisions\/11245"}],"wp:attachment":[{"href":"https:\/\/www.regiesolaire.fr\/index.php\/wp-json\/wp\/v2\/media?parent=8516"}],"curies":[{"name":"wp","href":"https:\/\/api.w.org\/{rel}","templated":true}]}}