{"id":10581,"date":"2021-06-30T15:25:02","date_gmt":"2021-06-30T13:25:02","guid":{"rendered":"http:\/\/www.regiesolaire.fr\/?page_id=10581"},"modified":"2025-07-01T10:15:35","modified_gmt":"2025-07-01T08:15:35","slug":"notre-expertise","status":"publish","type":"page","link":"https:\/\/www.regiesolaire.fr\/index.php\/notre-expertise\/","title":{"rendered":"Notre expertise"},"content":{"rendered":"<p>[vc_row css=\u00a0\u00bb.vc_custom_1548754881294{padding-top: 90px !important;}\u00a0\u00bb][vc_column css=\u00a0\u00bb.vc_custom_1626700801882{margin-top: 0px !important;padding-top: 0px !important;}\u00a0\u00bb][vc_row_inner][vc_column_inner width=\u00a0\u00bb1\/2&Prime;][vc_column_text]<\/p>\n<p class=\"p1\"><b>R\u00e9giesolaire vous accompagne de A \u00e0 Z dans la mise en \u0153uvre de votre projet photovolta\u00efque.<\/b><b><\/b><\/p>\n<p class=\"p1\">Qu\u2019elles soient en bon \u00e9tat ou n\u00e9cessitent une r\u00e9fection, vos toitures repr\u00e9sentent un fort potentiel de valorisation. En fonction de vos besoins, le recours au photovolta\u00efque vous permet de :<\/p>\n<p>[\/vc_column_text]<div  class=\"creativesplanet-ul-list cspt-ul-type-icon\"><ul><li><i class=\"cspt-globalcolor entypo-icon entypo-icon-check\"><\/i> G\u00e9n\u00e9rer un revenu compl\u00e9mentaire via la vente de l\u2019\u00e9lectricit\u00e9 produite<\/li><li><i class=\"cspt-globalcolor entypo-icon entypo-icon-check\"><\/i> R\u00e9duire votre facture \u00e9nerg\u00e9tique en autoconsommant tout ou partie de votre production<\/li><li><i class=\"cspt-globalcolor entypo-icon entypo-icon-check\"><\/i> S\u00e9curiser vos approvisionnements gr\u00e2ce \u00e0 l\u2019int\u00e9gration de solutions de stockage<\/li><li><i class=\"cspt-globalcolor entypo-icon entypo-icon-check\"><\/i> Valoriser votre patrimoine b\u00e2ti durablement<\/li><li><i class=\"cspt-globalcolor entypo-icon entypo-icon-check\"><\/i> Am\u00e9liorer votre image environnementale aupr\u00e8s de vos clients, partenaires et institutions<\/li><li><i class=\"cspt-globalcolor entypo-icon entypo-icon-check\"><\/i> Investissement en propre : vous financez directement le projet et percevez l\u2019int\u00e9gralit\u00e9 des revenus g\u00e9n\u00e9r\u00e9s<\/li><li><i class=\"cspt-globalcolor entypo-icon entypo-icon-check\"><\/i> Tiers investissement : un investisseur tiers prend en charge le financement, vous b\u00e9n\u00e9ficiez d\u2019un loyer, d\u2019une redevance ou d\u2019un tarif pr\u00e9f\u00e9rentiel pour votre consommation<\/li><li><i class=\"cspt-globalcolor entypo-icon entypo-icon-check\"><\/i> Tiers financement : nous vous mettons en relation avec des partenaires financiers sp\u00e9cialis\u00e9s pour faciliter l\u2019acc\u00e8s au cr\u00e9dit ou au leasing<\/li><\/ul><\/div>[vc_btn title=\u00a0\u00bbEN SAVOIR PLUS\u00a0\u00bb style=\u00a0\u00bboutline\u00a0\u00bb css=\u00a0\u00bb.vc_custom_1626870491054{margin-top: 30px !important;margin-bottom: 0px !important;}\u00a0\u00bb link=\u00a0\u00bburl:http%3A%2F%2Fwww.regiesolaire.fr%2Findex.php%2Fservice%2Fsolarisation-toiture%2F\u00a0\u00bb][\/vc_column_inner][vc_column_inner width=\u00a0\u00bb1\/2&Prime;][vc_single_image image=\u00a0\u00bb10700&Prime; img_size=\u00a0\u00bb584&#215;590&Prime;][\/vc_column_inner][\/vc_row_inner][\/vc_column][\/vc_row][vc_row cspt-bg-color=\u00a0\u00bblight\u00a0\u00bb cspt-bg-image-position=\u00a0\u00bbright-bottom\u00a0\u00bb full_width=\u00a0\u00bbstretch_row\u00a0\u00bb css=\u00a0\u00bb.vc_custom_1640102624199{padding-bottom: 100px !important;background-image: url(http:\/\/demo.creativesplanet.com\/greenly\/greenly-datasite\/wp-content\/uploads\/sites\/9\/2018\/12\/bg_01_01-new.png?id=8718) !important;background-position: 0 0 !important;background-repeat: no-repeat !important;}\u00a0\u00bb][vc_column][vc_row_inner el_class=\u00a0\u00bbcspt-box-2-2-991&Prime;][vc_column_inner width=\u00a0\u00bb1\/3&Prime;][\/vc_column_inner][vc_column_inner width=\u00a0\u00bb1\/3&Prime;][\/vc_column_inner][vc_column_inner width=\u00a0\u00bb1\/3&Prime;][\/vc_column_inner][\/vc_row_inner][\/vc_column][\/vc_row][vc_row cspt-extended-column=\u00a0\u00bbboth\u00a0\u00bb cspt-last-col-bg-color=\u00a0\u00bbwhite\u00a0\u00bb full_width=\u00a0\u00bbstretch_row\u00a0\u00bb equal_height=\u00a0\u00bbyes\u00a0\u00bb css=\u00a0\u00bb.vc_custom_1626773199267{padding-bottom: 100px !important;background-position: 0 0 !important;background-repeat: no-repeat !important;}\u00a0\u00bb cspt-first-col-bg-image=\u00a0\u00bb10884&Prime;][vc_column width=\u00a0\u00bb1\/2&Prime;][vc_icon icon_fontawesome=\u00a0\u00bb\u00a0\u00bb background_style=\u00a0\u00bbrounded-outline\u00a0\u00bb size=\u00a0\u00bblg\u00a0\u00bb][\/vc_column][vc_column width=\u00a0\u00bb1\/2&Prime;][vc_column_text]Couvrir une aire de stationnement avec des ombri\u00e8res photovolta\u00efques est un choix toujours strat\u00e9gique, avantageux \u00e0 plus d\u2019un titre.<\/p>\n<p>Non seulement les ombri\u00e8res abritent les usagers du soleil et de la pluie, mais elles produisent localement de l\u2019\u00e9lectricit\u00e9 verte.<\/p>\n<p>Vous pouvez \u00e9quiper vos parkings de bornes de recharge, \u00e9ventuellement aliment\u00e9es par les ombri\u00e8res, pour devenir un acteur de la mobilit\u00e9 durable.[\/vc_column_text][\/vc_column][\/vc_row][vc_row cspt-bg-image-position=\u00a0\u00bbright-bottom\u00a0\u00bb cspt-extended-column=\u00a0\u00bbboth\u00a0\u00bb full_width=\u00a0\u00bbstretch_row\u00a0\u00bb equal_height=\u00a0\u00bbyes\u00a0\u00bb css=\u00a0\u00bb.vc_custom_1626773449916{padding-bottom: 100px !important;background-position: 0 0 !important;background-repeat: no-repeat !important;}\u00a0\u00bb cspt-last-col-bg-image=\u00a0\u00bb10886&Prime;][vc_column width=\u00a0\u00bb1\/2&Prime;][vc_column_text]R\u00e9gie Solaire est qualifi\u00e9 pour toutes les installations photovolta\u00efques dont la puissance est inf\u00e9rieure ou \u00e9gale \u00e0 500 kWc.<\/p>\n<p>Au-del\u00e0 de ce seuil, c\u2019est Enerlis \u2013 le groupe auquel appartient R\u00e9gie Solaire \u2013 qui conduira le chantier.<\/p>\n<p>Qu\u2019il s\u2019agisse de panneaux sur tr\u00e8s grandes toitures, de b\u00e2timents neufs, d\u2019ombri\u00e8res de parking, ou de centrales au sol de plusieurs MWc, le p\u00f4le solaire d\u2019Enerlis a la capacit\u00e9 de prendre en charge votre projet.[\/vc_column_text][\/vc_column][vc_column width=\u00a0\u00bb1\/2&Prime;][vc_icon icon_fontawesome=\u00a0\u00bb\u00a0\u00bb background_style=\u00a0\u00bbrounded-outline\u00a0\u00bb size=\u00a0\u00bblg\u00a0\u00bb][\/vc_column][\/vc_row][vc_row cspt-text-color=\u00a0\u00bbwhite\u00a0\u00bb cspt-bg-color=\u00a0\u00bbglobalcolor\u00a0\u00bb cspt-bg-image-position=\u00a0\u00bbright-bottom\u00a0\u00bb full_width=\u00a0\u00bbstretch_row\u00a0\u00bb equal_height=\u00a0\u00bbyes\u00a0\u00bb css=\u00a0\u00bb.vc_custom_1625067622017{padding-top: 50px !important;padding-bottom: 50px !important;background-image: url(http:\/\/demo.creativesplanet.com\/greenly\/greenly-datasite\/wp-content\/uploads\/sites\/9\/2018\/12\/bg_01_01-new.png?id=8718) !important;background-position: 0 0 !important;background-repeat: no-repeat !important;}\u00a0\u00bb][vc_column width=\u00a0\u00bb2\/3&Prime;][vc_custom_heading text=\u00a0\u00bbChaque projet est unique, nous avons des solutions pour r\u00e9pondre \u00e0 vos besoins :\u00a0\u00bb font_container=\u00a0\u00bbtag:h2|font_size:32px|text_align:left|line_height:40px\u00a0\u00bb use_theme_fonts=\u00a0\u00bbyes\u00a0\u00bb css=\u00a0\u00bb.vc_custom_1625067528055{margin-bottom: 8px !important;}\u00a0\u00bb][vc_column_text css=\u00a0\u00bb.vc_custom_1625067298407{margin-bottom: 0px !important;}\u00a0\u00bb]Construction, r\u00e9novation, financement, autoconsommation, injection\u2026[\/vc_column_text][\/vc_column][vc_column width=\u00a0\u00bb1\/3&Prime;][vc_btn title=\u00a0\u00bbCONTACTEZ-NOUS\u00a0\u00bb style=\u00a0\u00bboutline\u00a0\u00bb color=\u00a0\u00bbwhite\u00a0\u00bb align=\u00a0\u00bbright\u00a0\u00bb css=\u00a0\u00bb.vc_custom_1626773752114{margin-top: 10px !important;margin-bottom: 0px !important;}\u00a0\u00bb link=\u00a0\u00bburl:http%3A%2F%2Fwww.regiesolaire.fr%2Findex.php%2Fcontact%2F\u00a0\u00bb][\/vc_column][\/vc_row][vc_row cspt-bg-color=\u00a0\u00bblight\u00a0\u00bb cspt-bg-image-position=\u00a0\u00bbright-bottom\u00a0\u00bb full_width=\u00a0\u00bbstretch_row\u00a0\u00bb css=\u00a0\u00bb.vc_custom_1548739055171{padding-bottom: 100px !important;background-image: url(http:\/\/demo.creativesplanet.com\/greenly\/greenly-datasite\/wp-content\/uploads\/sites\/9\/2018\/12\/bg_01_01-new.png?id=8718) !important;background-position: 0 0 !important;background-repeat: no-repeat !important;}\u00a0\u00bb][vc_column][vc_row_inner el_class=\u00a0\u00bbcspt-box-2-2-991&Prime;][vc_column_inner width=\u00a0\u00bb1\/2&Prime;][vc_single_image image=\u00a0\u00bb10875&Prime; img_size=\u00a0\u00bbmedium\u00a0\u00bb alignment=\u00a0\u00bbcenter\u00a0\u00bb style=\u00a0\u00bbvc_box_border\u00a0\u00bb border_color=\u00a0\u00bborange\u00a0\u00bb css=\u00a0\u00bb.vc_custom_1626772079957{margin-bottom: 10px !important;padding-right: 40px !important;}\u00a0\u00bb][vc_column_text css=\u00a0\u00bb.vc_custom_1625147770445{padding-right: 40px !important;padding-bottom: 10px !important;}\u00a0\u00bb]<\/p>\n<h4 style=\"text-align: center;\"><strong>Injection\u00a0<\/strong><\/h4>\n<p style=\"text-align: center;\">La centrale est raccord\u00e9e au r\u00e9seau par Enedis afin de pouvoir y injecter l\u2019\u00e9lectricit\u00e9 produite. Apr\u00e8s signature d\u2019un contrat de revente, tous les kWh sont r\u00e9inject\u00e9s sur le r\u00e9seau et b\u00e9n\u00e9ficient d\u2019un tarif garanti pendant 20 ans.<\/p>\n<p>[\/vc_column_text][\/vc_column_inner][vc_column_inner width=\u00a0\u00bb1\/2&Prime;][vc_single_image image=\u00a0\u00bb10877&Prime; img_size=\u00a0\u00bbmedium\u00a0\u00bb alignment=\u00a0\u00bbcenter\u00a0\u00bb style=\u00a0\u00bbvc_box_border\u00a0\u00bb border_color=\u00a0\u00bborange\u00a0\u00bb css=\u00a0\u00bb.vc_custom_1626772454582{margin-bottom: 10px !important;padding-left: 40px !important;}\u00a0\u00bb][vc_column_text css=\u00a0\u00bb.vc_custom_1626700260739{padding-bottom: 10px !important;padding-left: 40px !important;}\u00a0\u00bb]<\/p>\n<h4 style=\"text-align: center;\"><strong>Autoconsommation<\/strong><\/h4>\n<p style=\"text-align: center;\">L\u2019\u00e9lectricit\u00e9 verte de la centrale est consomm\u00e9e sur le lieu de production, ou du moins localement. C\u2019est ce qu\u2019on appelle l\u2019autoconsommation. Dans ce cas, seul le surplus, sauf si l\u2019autoconsommation est totale, est r\u00e9inject\u00e9 et revendu sur le r\u00e9seau.<\/p>\n<p>[\/vc_column_text][\/vc_column_inner][\/vc_row_inner][vc_row_inner el_class=\u00a0\u00bbcspt-box-2-2-991&Prime; css=\u00a0\u00bb.vc_custom_1625147970108{padding-bottom: 0px !important;}\u00a0\u00bb][vc_column_inner width=\u00a0\u00bb1\/2&Prime; css=\u00a0\u00bb.vc_custom_1625147953490{padding-bottom: 0px !important;}\u00a0\u00bb][vc_single_image image=\u00a0\u00bb10873&Prime; img_size=\u00a0\u00bbmedium\u00a0\u00bb alignment=\u00a0\u00bbcenter\u00a0\u00bb style=\u00a0\u00bbvc_box_border\u00a0\u00bb border_color=\u00a0\u00bborange\u00a0\u00bb css=\u00a0\u00bb.vc_custom_1626771335866{margin-bottom: 10px !important;padding-right: 40px !important;}\u00a0\u00bb][vc_column_text css=\u00a0\u00bb.vc_custom_1678110871612{padding-right: 40px !important;}\u00a0\u00bb]<\/p>\n<h4 style=\"text-align: center;\"><strong>Projet cl\u00e9 en main\u00a0<\/strong><\/h4>\n<p style=\"text-align: center;\">Dans le cadre d\u2019un projet que vous financez vous-m\u00eame, R\u00e9gie Solaire est votre partenaire de choix et vous offre un accompagnement \u00e9tape par \u00e9tape :<\/p>\n<ul>\n<li>\u00c9tude de faisabilit\u00e9<\/li>\n<li>Choix de la technologie et des garanties<\/li>\n<li>Aide au dimensionnement de la centrale<\/li>\n<li>Le cas \u00e9ch\u00e9ant, conception et construction du b\u00e2timent servant d\u2019infrastructure<\/li>\n<li>Installation des panneaux solaires<\/li>\n<li>Supervision\/maintenance des installations<\/li>\n<\/ul>\n<p style=\"text-align: center;\">Dans ce cas, R\u00e9gie Solaire est votre d\u00e9veloppeur\/installateur et mainteneur.<\/p>\n<p>[\/vc_column_text][\/vc_column_inner][vc_column_inner width=\u00a0\u00bb1\/2&Prime; css=\u00a0\u00bb.vc_custom_1625147940480{padding-bottom: 0px !important;}\u00a0\u00bb][vc_single_image image=\u00a0\u00bb10872&Prime; img_size=\u00a0\u00bbmedium\u00a0\u00bb alignment=\u00a0\u00bbcenter\u00a0\u00bb style=\u00a0\u00bbvc_box_border\u00a0\u00bb border_color=\u00a0\u00bborange\u00a0\u00bb css=\u00a0\u00bb.vc_custom_1626771379912{margin-bottom: 10px !important;padding-left: 40px !important;}\u00a0\u00bb][vc_column_text css=\u00a0\u00bb.vc_custom_1626700382927{padding-left: 40px !important;}\u00a0\u00bb]<\/p>\n<h4 style=\"text-align: center;\"><strong>Tiers-investissement<\/strong><\/h4>\n<p style=\"text-align: center;\">Si vous ne pouvez ou ne souhaitez pas investir, Enerlis, le groupe auquel appartient R\u00e9gie Solaire, met \u00e0 votre disposition une solution de tiers-financement. Dans ce cas, Enerlis d\u00e9veloppe le projet et finance la centrale.<\/p>\n<p style=\"text-align: center;\">Sans d\u00e9bourser le moindre euro, vous avez alors deux possibilit\u00e9s :<\/p>\n<ul>\n<li style=\"text-align: center;\">Soit Enerlis exploite une centrale en injection r\u00e9seau et vous r\u00e9tribue financi\u00e8rement en tant qu\u2019h\u00e9bergeur (loyer, participation \u00e0 des travaux de construction ou de r\u00e9novation)<\/li>\n<li style=\"text-align: center;\">Soit vous souhaitez autoconsommer et dans ce cas vous payez une redevance annuelle \u00e0 Enerlis pour b\u00e9n\u00e9ficier d\u2019une \u00e9lectricit\u00e9 verte, locale et \u00e9conomiquement comp\u00e9titive.<\/li>\n<\/ul>\n<p>[\/vc_column_text][\/vc_column_inner][\/vc_row_inner][\/vc_column][\/vc_row][vc_row cspt-zindex=\u00a0\u00bb2&Prime; cspt-bg-image-position=\u00a0\u00bbcenter-top\u00a0\u00bb full_width=\u00a0\u00bbstretch_row\u00a0\u00bb css=\u00a0\u00bb.vc_custom_1625069934910{background-image: url(http:\/\/www.regiesolaire.fr\/wp-content\/uploads\/2021\/06\/panneau_solaire_philosophie.jpg?id=10528) !important;background-position: center !important;background-repeat: no-repeat !important;background-size: cover !important;}\u00a0\u00bb el_class=\u00a0\u00bbcspt-overflow-visible\u00a0\u00bb][vc_column width=\u00a0\u00bb1\/2&Prime;][\/vc_column][vc_column cspt-text-color=\u00a0\u00bbwhite\u00a0\u00bb cspt-bg-color=\u00a0\u00bbglobalcolor\u00a0\u00bb width=\u00a0\u00bb1\/2&Prime; el_class=\u00a0\u00bbcspt-border-radius-1&Prime; css=\u00a0\u00bb.vc_custom_1625070149009{padding-top: 45px !important;padding-right: 45px !important;padding-bottom: 20px !important;padding-left: 45px !important;}\u00a0\u00bb][vc_column_text]<span style=\"color: #ffffff;\">R\u00e9gie Solaire reste \u00e0 vos c\u00f4t\u00e9s jusqu&rsquo;\u00e0 la mise en service de votre centrale. Apr\u00e8s validation du dossier et \u00e9tude technique sur site (offerte), R\u00e9gie Solaire reste aux c\u00f4t\u00e9s de ses clients pour toutes les phases cl\u00e9s du chantier :<\/span><\/p>\n<ul>\n<li><span style=\"color: #ffffff;\">D\u00e9finition technique et \u00e9conomique du projet<\/span><\/li>\n<li><span style=\"color: #ffffff;\">Autorisation d\u2019urbanisme<\/span><\/li>\n<li><span style=\"color: #ffffff;\">Demande de tarification et de raccordement<\/span><\/li>\n<li><span style=\"color: #ffffff;\">Conduite du chantier jusqu\u2019\u00e0 la mise en service de la centrale<\/span><\/li>\n<li><span style=\"color: #ffffff;\">Exploitation et maintenance de la centrale<\/span><\/li>\n<\/ul>\n<p><span style=\"color: #ffffff;\"><strong>D\u00e9veloppement du projet en 4 \u00e0 18 mois<\/strong> en fonction de la combinaison choisie.<\/span>[\/vc_column_text][\/vc_column][\/vc_row][vc_row cspt-bg-image-position=\u00a0\u00bbright-bottom\u00a0\u00bb cspt-extended-column=\u00a0\u00bbboth\u00a0\u00bb cspt-last-col-bg-color=\u00a0\u00bbwhite\u00a0\u00bb full_width=\u00a0\u00bbstretch_row\u00a0\u00bb equal_height=\u00a0\u00bbyes\u00a0\u00bb css=\u00a0\u00bb.vc_custom_1625065487428{padding-bottom: 100px !important;background-image: url(http:\/\/demo.creativesplanet.com\/greenly\/greenly-datasite\/wp-content\/uploads\/sites\/9\/2018\/12\/bg_01_01-new.png?id=8718) !important;background-position: 0 0 !important;background-repeat: no-repeat !important;}\u00a0\u00bb cspt-last-col-bg-image=\u00a0\u00bb10058&Prime;][vc_column][vc_row_inner el_class=\u00a0\u00bbcspt-box-2-2-991&Prime; css=\u00a0\u00bb.vc_custom_1625147970108{padding-bottom: 0px !important;}\u00a0\u00bb][vc_column_inner width=\u00a0\u00bb1\/3&Prime; css=\u00a0\u00bb.vc_custom_1625147953490{padding-bottom: 0px !important;}\u00a0\u00bb][vc_single_image image=\u00a0\u00bb10732&Prime; img_size=\u00a0\u00bbmedium\u00a0\u00bb alignment=\u00a0\u00bbcenter\u00a0\u00bb css=\u00a0\u00bb.vc_custom_1625844081448{margin-bottom: 10px !important;}\u00a0\u00bb][vc_column_text]<\/p>\n<h4 style=\"text-align: center;\"><strong>Maintenance pr\u00e9ventive<\/strong><\/h4>\n<p style=\"text-align: center;\">Contr\u00f4le visuel, relev\u00e9 des tensions, etc. une fois tous les deux ans pour s\u2019assurer que l\u2019installation fonctionne correctement.<\/p>\n<p>[\/vc_column_text][\/vc_column_inner][vc_column_inner width=\u00a0\u00bb1\/3&Prime; css=\u00a0\u00bb.vc_custom_1625147940480{padding-bottom: 0px !important;}\u00a0\u00bb][vc_single_image image=\u00a0\u00bb10726&Prime; img_size=\u00a0\u00bbmedium\u00a0\u00bb alignment=\u00a0\u00bbcenter\u00a0\u00bb css=\u00a0\u00bb.vc_custom_1625843940576{margin-bottom: 10px !important;}\u00a0\u00bb][vc_column_text]<\/p>\n<h4 style=\"text-align: center;\"><strong>Maintenance corrective<\/strong><\/h4>\n<p style=\"text-align: center;\">Supervision en temps r\u00e9el de chaque centrale pour contr\u00f4ler son \u00e9tat et pouvoir envoyer des techniciens lorsqu\u2019une anomalie est identifi\u00e9e.<\/p>\n<p>[\/vc_column_text][\/vc_column_inner][vc_column_inner width=\u00a0\u00bb1\/3&Prime;][vc_single_image image=\u00a0\u00bb10729&Prime; img_size=\u00a0\u00bbmedium\u00a0\u00bb alignment=\u00a0\u00bbcenter\u00a0\u00bb css=\u00a0\u00bb.vc_custom_1625844089280{margin-bottom: 10px !important;padding-left: 40px !important;}\u00a0\u00bb][vc_column_text css=\u00a0\u00bb.vc_custom_1626701134047{padding-left: 40px !important;}\u00a0\u00bb]<\/p>\n<h4 style=\"text-align: center;\"><strong>SAV<\/strong><\/h4>\n<p style=\"text-align: center;\">Remplacement de panneaux et d\u2019onduleurs sur des centrales existantes, quel qu\u2019ait \u00e9t\u00e9 l\u2019installateur \u00e0 l\u2019origine.<\/p>\n<p>[\/vc_column_text][\/vc_column_inner][\/vc_row_inner][\/vc_column][\/vc_row]<\/p>\n","protected":false},"excerpt":{"rendered":"<p>[vc_row css=\u00a0\u00bb.vc_custom_1548754881294{padding-top: 90px !important;}\u00a0\u00bb][vc_column css=\u00a0\u00bb.vc_custom_1626700801882{margin-top: 0px !important;padding-top: 0px !important;}\u00a0\u00bb][vc_row_inner][vc_column_inner width=\u00a0\u00bb1\/2&Prime;][vc_column_text] R\u00e9giesolaire vous accompagne de A \u00e0 Z dans la mise en \u0153uvre de votre projet photovolta\u00efque. Qu\u2019elles soient en bon \u00e9tat ou n\u00e9cessitent une r\u00e9fection, vos toitures repr\u00e9sentent un fort potentiel de valorisation. En fonction de vos besoins, le recours au photovolta\u00efque vous permet de [&hellip;]<\/p>\n","protected":false},"author":1,"featured_media":0,"parent":0,"menu_order":6,"comment_status":"closed","ping_status":"closed","template":"","meta":{"_acf_changed":false,"footnotes":""},"class_list":["post-10581","page","type-page","status-publish","hentry"],"acf":[],"_links":{"self":[{"href":"https:\/\/www.regiesolaire.fr\/index.php\/wp-json\/wp\/v2\/pages\/10581","targetHints":{"allow":["GET"]}}],"collection":[{"href":"https:\/\/www.regiesolaire.fr\/index.php\/wp-json\/wp\/v2\/pages"}],"about":[{"href":"https:\/\/www.regiesolaire.fr\/index.php\/wp-json\/wp\/v2\/types\/page"}],"author":[{"embeddable":true,"href":"https:\/\/www.regiesolaire.fr\/index.php\/wp-json\/wp\/v2\/users\/1"}],"replies":[{"embeddable":true,"href":"https:\/\/www.regiesolaire.fr\/index.php\/wp-json\/wp\/v2\/comments?post=10581"}],"version-history":[{"count":4,"href":"https:\/\/www.regiesolaire.fr\/index.php\/wp-json\/wp\/v2\/pages\/10581\/revisions"}],"predecessor-version":[{"id":11240,"href":"https:\/\/www.regiesolaire.fr\/index.php\/wp-json\/wp\/v2\/pages\/10581\/revisions\/11240"}],"wp:attachment":[{"href":"https:\/\/www.regiesolaire.fr\/index.php\/wp-json\/wp\/v2\/media?parent=10581"}],"curies":[{"name":"wp","href":"https:\/\/api.w.org\/{rel}","templated":true}]}}